{"id":2337,"date":"2023-12-02T10:04:05","date_gmt":"2023-12-02T03:04:05","guid":{"rendered":"https:\/\/lifestyle-vietnam.com\/?page_id=2337"},"modified":"2026-03-19T10:16:48","modified_gmt":"2026-03-19T03:16:48","slug":"so-do-dang-ky","status":"publish","type":"page","link":"https:\/\/lifestyle-vietnam.com\/zh\/so-do-dang-ky\/","title":{"rendered":"S\u01a1 \u0111\u1ed3 \u0111\u0103ng k\u00fd"},"content":{"rendered":"","protected":false},"excerpt":{"rendered":"","protected":false},"author":1,"featured_media":6454,"parent":0,"menu_order":0,"comment_status":"closed","ping_status":"closed","template":"","meta":{"footnotes":""},"class_list":["post-2337","page","type-page","status-publish","has-post-thumbnail","hentry"],"acf":[],"_links":{"self":[{"href":"https:\/\/lifestyle-vietnam.com\/zh\/wp-json\/wp\/v2\/pages\/2337","targetHints":{"allow":["GET"]}}],"collection":[{"href":"https:\/\/lifestyle-vietnam.com\/zh\/wp-json\/wp\/v2\/pages"}],"about":[{"href":"https:\/\/lifestyle-vietnam.com\/zh\/wp-json\/wp\/v2\/types\/page"}],"author":[{"embeddable":true,"href":"https:\/\/lifestyle-vietnam.com\/zh\/wp-json\/wp\/v2\/users\/1"}],"replies":[{"embeddable":true,"href":"https:\/\/lifestyle-vietnam.com\/zh\/wp-json\/wp\/v2\/comments?post=2337"}],"version-history":[{"count":1,"href":"https:\/\/lifestyle-vietnam.com\/zh\/wp-json\/wp\/v2\/pages\/2337\/revisions"}],"predecessor-version":[{"id":2338,"href":"https:\/\/lifestyle-vietnam.com\/zh\/wp-json\/wp\/v2\/pages\/2337\/revisions\/2338"}],"wp:featuredmedia":[{"embeddable":true,"href":"https:\/\/lifestyle-vietnam.com\/zh\/wp-json\/wp\/v2\/media\/6454"}],"wp:attachment":[{"href":"https:\/\/lifestyle-vietnam.com\/zh\/wp-json\/wp\/v2\/media?parent=2337"}],"curies":[{"name":"wp","href":"https:\/\/api.w.org\/{rel}","templated":true}]}}