{"id":336,"date":"2023-07-19T03:50:06","date_gmt":"2023-07-19T03:50:06","guid":{"rendered":"http:\/\/lifestyle.hungyenland.com\/?page_id=336"},"modified":"2026-03-18T10:28:40","modified_gmt":"2026-03-18T03:28:40","slug":"contact","status":"publish","type":"page","link":"https:\/\/lifestyle-vietnam.com\/vi\/contact\/","title":{"rendered":"Li\u00ean h\u1ec7"},"content":{"rendered":"<section class=\"section contact-us-page\" id=\"section_1994808644\">\n\t\t<div class=\"bg section-bg fill bg-fill  bg-loaded\" >\n\n\t\t\t\n\t\t\t\n\t\t\t\n\n\t\t<\/div>\n\n\t\t\n\n\t\t<div class=\"section-content relative\">\n\t\t\t\n<div class=\"row\"  id=\"row-1424941894\">\n\n\t<div id=\"col-1192514760\" class=\"col medium-6 small-12 large-6\"  >\n\t\t\t\t<div class=\"col-inner\"  >\n\t\t\t\n\t\t\t\n\n<div class=\"wpcf7 no-js\" id=\"wpcf7-f85-o1\" lang=\"vi\" dir=\"ltr\">\n<div class=\"screen-reader-response\"><p role=\"status\" aria-live=\"polite\" aria-atomic=\"true\"><\/p> <ul><\/ul><\/div>\n<form action=\"\/vi\/wp-json\/wp\/v2\/pages\/336#wpcf7-f85-o1\" method=\"post\" class=\"wpcf7-form init\" aria-label=\"Form li\u00ean h\u1ec7\" novalidate=\"novalidate\" data-status=\"init\" data-trp-original-action=\"\/vi\/wp-json\/wp\/v2\/pages\/336#wpcf7-f85-o1\">\n<div style=\"display: none;\">\n<input type=\"hidden\" name=\"_wpcf7\" value=\"85\" \/>\n<input type=\"hidden\" name=\"_wpcf7_version\" value=\"5.9.8\" \/>\n<input type=\"hidden\" name=\"_wpcf7_locale\" value=\"vi\" \/>\n<input type=\"hidden\" name=\"_wpcf7_unit_tag\" value=\"wpcf7-f85-o1\" \/>\n<input type=\"hidden\" name=\"_wpcf7_container_post\" value=\"0\" \/>\n<input type=\"hidden\" name=\"_wpcf7_posted_data_hash\" value=\"\" \/>\n<input type=\"hidden\" name=\"_wpcf7_recaptcha_response\" value=\"\" \/>\n<\/div>\n<p><span class=\"wpcf7-form-control-wrap\" data-name=\"yourname\"><input size=\"40\" maxlength=\"400\" class=\"wpcf7-form-control wpcf7-text wpcf7-validates-as-required\" aria-required=\"true\" aria-invalid=\"false\" placeholder=\"T\u00ean b\u1ea1n\" value=\"\" type=\"text\" name=\"yourname\" \/><\/span><br \/>\n<span class=\"wpcf7-form-control-wrap\" data-name=\"company\"><input size=\"40\" maxlength=\"400\" class=\"wpcf7-form-control wpcf7-text wpcf7-validates-as-required\" aria-required=\"true\" aria-invalid=\"false\" placeholder=\"T\u00ean Doanh Nghi\u1ec7p\" value=\"\" type=\"text\" name=\"company\" \/><\/span><br \/>\n<label style=\"display:none;\">Don\u2019t fill this field if you\u2019re human:<\/label><br \/>\n<input type=\"text\" name=\"hidden-field\" style=\"display:none;\" \/><br \/>\n<span class=\"wpcf7-form-control-wrap\" data-name=\"email-829\"><input size=\"40\" maxlength=\"400\" class=\"wpcf7-form-control wpcf7-email wpcf7-validates-as-required wpcf7-text wpcf7-validates-as-email\" aria-required=\"true\" aria-invalid=\"false\" placeholder=\"Email\" value=\"\" type=\"email\" name=\"email-829\" \/><\/span><br \/>\n<span class=\"wpcf7-form-control-wrap\" data-name=\"tel-742\"><input size=\"40\" maxlength=\"400\" class=\"wpcf7-form-control wpcf7-tel wpcf7-validates-as-required wpcf7-text wpcf7-validates-as-tel\" aria-required=\"true\" aria-invalid=\"false\" placeholder=\"S\u1ed1 \u0111i\u1ec7n tho\u1ea1i\" value=\"\" type=\"tel\" name=\"tel-742\" \/><\/span><br \/>\n<span class=\"wpcf7-form-control-wrap\" data-name=\"subject\"><input size=\"40\" maxlength=\"400\" class=\"wpcf7-form-control wpcf7-text wpcf7-validates-as-required\" aria-required=\"true\" aria-invalid=\"false\" placeholder=\"Ch\u1ee7 \u0111\u1ec1\" value=\"\" type=\"text\" name=\"subject\" \/><\/span><br \/>\n<span class=\"wpcf7-form-control-wrap\" data-name=\"message\"><textarea cols=\"40\" rows=\"10\" maxlength=\"2000\" class=\"wpcf7-form-control wpcf7-textarea wpcf7-validates-as-required\" aria-required=\"true\" aria-invalid=\"false\" placeholder=\"L\u1eddi nh\u1eafn\" name=\"message\"><\/textarea><\/span><br \/>\n<input class=\"wpcf7-form-control wpcf7-submit has-spinner\" type=\"submit\" value=\"G\u1eecI\" \/>\n<\/p><div class=\"wpcf7-response-output\" aria-hidden=\"true\"><\/div>\n<input type=\"hidden\" name=\"trp-form-language\" value=\"vi\"\/><\/form>\n<\/div>\n\n\t\t<\/div>\n\t\t\t\t\t<\/div>\n\n\t\n\n\t<div id=\"col-32417742\" class=\"col medium-6 small-12 large-6\"  >\n\t\t\t\t<div class=\"col-inner\"  >\n\t\t\t\n\t\t\t\n<p><iframe loading=\"lazy\" style=\"border: 0;\" src=\"https:\/\/www.google.com\/maps\/embed?pb=!1m18!1m12!1m3!1d3722.6518920358885!2d105.86021301091385!3d21.086561280496326!2m3!1f0!2f0!3f0!3m2!1i1024!2i768!4f13.1!3m3!1m2!1s0x3135ab006d4078f9%3A0x6bdd1de8e201000!2sVietnam%20Exhibition%20Center!5e0!3m2!1sen!2s!4v1773803735300!5m2!1sen!2s\" width=\"100%\" height=\"350\" allowfullscreen=\"allowfullscreen\"><\/iframe><\/p>\n\t<div id=\"gap-329978893\" class=\"gap-element clearfix\" style=\"display:block; height:auto;\">\n\t\t\n<style>\n#gap-329978893 {\n  padding-top: 15px;\n}\n<\/style>\n\t<\/div>\n\t\n\t<div id=\"text-1178051100\" class=\"text\">\n\t\t\n<div class=\"contact\">\n<h3 class=\"contact__title\"><span style=\"color: #81b29a;\">Vietcraft<\/span><\/h3>\n<div class=\"contact\">\n<p><strong>V\u0103n ph\u00f2ng TP. H\u1ed3 Ch\u00ed Minh<\/strong><br \/>\n\u0110\u1ecba ch\u1ec9: s\u1ed1 117\/6 \u0111\u01b0\u1eddng V\u01b0\u1eddn Chu\u1ed1i, ph\u01b0\u1eddng 4, qu\u1eadn 3, Th\u00e0nh ph\u1ed1 H\u1ed3 Ch\u00ed Minh, Vi\u1ec7t Nam<\/p>\n<p>Tel : +84 28 7309 0571 &#8211; 0326.833.237<br \/>\nE-Mail:\u00a0<a href=\"mailto:info@lifestyle-vietnam.com\">hellolifestylevietnam@gmail.com &#8211; info@lifestyle-vietnam.com<\/a><\/p>\n<p><strong>V\u0103n ph\u00f2ng H\u00e0 N\u1ed9i<\/strong><br \/>\n\u0110\u1ecba ch\u1ec9: s\u1ed1 19, ng\u00f5 19, ph\u1ed1 L\u1ea1c Trung, qu\u1eadn Hai B\u00e0 Tr\u01b0ng, H\u00e0 N\u1ed9i, Vi\u1ec7t Nam<\/p>\n<p>Tel : +84 961 535 469<br \/>\nE-Mail:\u00a0<a href=\"mailto:info@lifestyle-vietnam.com\">hellolifestylevietnam@gmail.com &#8211; info@lifestyle-vietnam.com<\/a><\/p>\n<\/div>\n<\/div>\n<div class=\"contact\">\n<h3 class=\"contact__title\"><span style=\"color: #81b29a;\">\u0110\u1ecba \u0111i\u1ec3m H\u1ed9i ch\u1ee3<\/span><\/h3>\n<p class=\"contact__text\"><span style=\"color: #000000;\"><strong>VIETNAM EXPOSITION CENTER<\/strong> &#8211; Km5+890, Truong Sa Road, Dong Anh District, Hanoi<\/span><\/p>\n<\/div>\n\t\t\n<style>\n#text-1178051100 {\n  color: rgb(0,0,0);\n}\n#text-1178051100 > * {\n  color: rgb(0,0,0);\n}\n<\/style>\n\t<\/div>\n\t\n\t\t<\/div>\n\t\t\t\t\t<\/div>\n\n\t\n<\/div>\n\t\t<\/div>\n\n\t\t\n<style>\n#section_1994808644 {\n  padding-top: 0px;\n  padding-bottom: 0px;\n}\n<\/style>\n\t<\/section>","protected":false},"excerpt":{"rendered":"","protected":false},"author":1,"featured_media":0,"parent":0,"menu_order":0,"comment_status":"closed","ping_status":"closed","template":"","meta":{"footnotes":""},"class_list":["post-336","page","type-page","status-publish","hentry"],"acf":[],"_links":{"self":[{"href":"https:\/\/lifestyle-vietnam.com\/vi\/wp-json\/wp\/v2\/pages\/336","targetHints":{"allow":["GET"]}}],"collection":[{"href":"https:\/\/lifestyle-vietnam.com\/vi\/wp-json\/wp\/v2\/pages"}],"about":[{"href":"https:\/\/lifestyle-vietnam.com\/vi\/wp-json\/wp\/v2\/types\/page"}],"author":[{"embeddable":true,"href":"https:\/\/lifestyle-vietnam.com\/vi\/wp-json\/wp\/v2\/users\/1"}],"replies":[{"embeddable":true,"href":"https:\/\/lifestyle-vietnam.com\/vi\/wp-json\/wp\/v2\/comments?post=336"}],"version-history":[{"count":30,"href":"https:\/\/lifestyle-vietnam.com\/vi\/wp-json\/wp\/v2\/pages\/336\/revisions"}],"predecessor-version":[{"id":6469,"href":"https:\/\/lifestyle-vietnam.com\/vi\/wp-json\/wp\/v2\/pages\/336\/revisions\/6469"}],"wp:attachment":[{"href":"https:\/\/lifestyle-vietnam.com\/vi\/wp-json\/wp\/v2\/media?parent=336"}],"curies":[{"name":"wp","href":"https:\/\/api.w.org\/{rel}","templated":true}]}}